{"id":696,"date":"2024-09-30T13:49:45","date_gmt":"2024-09-30T16:49:45","guid":{"rendered":"https:\/\/sindicatoapag.cl\/sitio\/?page_id=696"},"modified":"2025-07-31T13:06:17","modified_gmt":"2025-07-31T17:06:17","slug":"invitacion-y-formularios-seguro-inchcape","status":"publish","type":"page","link":"https:\/\/sindicatoapag.cl\/sitio\/invitacion-y-formularios-seguro-inchcape\/","title":{"rendered":"Invitaci\u00f3n y Formularios Seguro Inchcape"},"content":{"rendered":"<p><img loading=\"lazy\" decoding=\"async\" class=\"aligncenter size-full wp-image-697\" src=\"https:\/\/sindicatoapag.cl\/sitio\/wp-content\/uploads\/2024\/09\/forms-seguros.jpg\" alt=\"\" width=\"660\" height=\"330\" srcset=\"https:\/\/sindicatoapag.cl\/sitio\/wp-content\/uploads\/2024\/09\/forms-seguros.jpg 660w, https:\/\/sindicatoapag.cl\/sitio\/wp-content\/uploads\/2024\/09\/forms-seguros-300x150.jpg 300w\" sizes=\"auto, (max-width: 660px) 100vw, 660px\" \/><\/p>\n<p><img loading=\"lazy\" decoding=\"async\" class=\"aligncenter size-full wp-image-1104\" src=\"https:\/\/sindicatoapag.cl\/sitio\/wp-content\/uploads\/2025\/07\/WhatsApp-Image-2025-07-31-at-07.01.37.jpeg\" alt=\"\" width=\"293\" height=\"165\" \/><\/p>\n<p style=\"text-align: center;\"><strong><span style=\"color: #ff0000;\">Manual Formulario Incorporaci\u00f3n VIDA SECURITY<\/span><\/strong><\/p>\n<p style=\"text-align: center;\"><a href=\"https:\/\/sindicatoapag.cl\/sitio\/wp-content\/uploads\/2025\/07\/01-Manual-Formulario-Incorporacion-VIDA-SECURITY.pdf\" target=\"_blank\" rel=\"noopener\"><img loading=\"lazy\" decoding=\"async\" class=\"aligncenter wp-image-47 size-full\" src=\"https:\/\/sindicatoapag.cl\/sitio\/wp-content\/uploads\/2021\/03\/boton-descargar.png\" alt=\"\" width=\"200\" height=\"52\" \/><\/a><\/p>\n<p style=\"text-align: center;\"><span style=\"color: #ff0000;\"><strong><br \/>\nFormulario incorporaci\u00f3n editable<\/strong><\/span><\/p>\n<p style=\"text-align: center;\"><a href=\"https:\/\/sindicatoapag.cl\/sitio\/wp-content\/uploads\/2025\/07\/Formulario-Solicitud-Incorporacion-nuevo.pdf\" target=\"_blank\" rel=\"noopener\"><img loading=\"lazy\" decoding=\"async\" class=\"aligncenter wp-image-47 size-full\" src=\"https:\/\/sindicatoapag.cl\/sitio\/wp-content\/uploads\/2021\/03\/boton-descargar.png\" alt=\"\" width=\"200\" height=\"52\" \/><\/a><\/p>\n<p style=\"text-align: center;\">Solo trabajadores con contrato indefinido<\/p>\n<p style=\"text-align: center;\"><span style=\"color: #ff0000;\"><strong><br \/>\nPlan Catastr\u00f3fico<\/strong><\/span><\/p>\n<p style=\"text-align: center;\"><a href=\"https:\/\/sindicatoapag.cl\/sitio\/wp-content\/uploads\/2024\/09\/03-Plan-Catastrofico.pdf\" target=\"_blank\" rel=\"noopener\"><img loading=\"lazy\" decoding=\"async\" class=\"aligncenter wp-image-47 size-full\" src=\"https:\/\/sindicatoapag.cl\/sitio\/wp-content\/uploads\/2021\/03\/boton-descargar.png\" alt=\"\" width=\"200\" height=\"52\" \/><\/a><\/p>\n<p>&nbsp;<\/p>\n<p style=\"text-align: center;\"><span style=\"color: #ff0000;\"><strong>Plan Salud<\/strong><\/span><\/p>\n<p style=\"text-align: center;\"><a href=\"https:\/\/sindicatoapag.cl\/sitio\/wp-content\/uploads\/2024\/09\/04-Plan-Salud.pdf\" target=\"_blank\" rel=\"noopener\"><img loading=\"lazy\" decoding=\"async\" class=\"aligncenter wp-image-47 size-full\" src=\"https:\/\/sindicatoapag.cl\/sitio\/wp-content\/uploads\/2021\/03\/boton-descargar.png\" alt=\"\" width=\"200\" height=\"52\" \/><\/a><\/p>\n<p>&nbsp;<\/p>\n<p style=\"text-align: center;\"><span style=\"color: #ff0000;\"><strong>Solicitud Gastos M\u00e9dicos (Nva. Normativa)<\/strong><\/span><\/p>\n<p style=\"text-align: center;\"><a href=\"https:\/\/sindicatoapag.cl\/sitio\/wp-content\/uploads\/2024\/09\/05-Solicitud-Gastos-Medicos-Nva.-Normativa.pdf\" target=\"_blank\" rel=\"noopener\"><img loading=\"lazy\" decoding=\"async\" class=\"aligncenter wp-image-47 size-full\" src=\"https:\/\/sindicatoapag.cl\/sitio\/wp-content\/uploads\/2021\/03\/boton-descargar.png\" alt=\"\" width=\"200\" height=\"52\" \/><\/a><\/p>\n<p>&nbsp;<\/p>\n<p style=\"text-align: center;\"><span style=\"color: #ff0000;\"><strong>Plan Dental<\/strong><\/span><\/p>\n<p style=\"text-align: center;\"><a href=\"https:\/\/sindicatoapag.cl\/sitio\/wp-content\/uploads\/2024\/09\/06-Plan-Dental.pdf\" target=\"_blank\" rel=\"noopener\"><img loading=\"lazy\" decoding=\"async\" class=\"aligncenter wp-image-47 size-full\" src=\"https:\/\/sindicatoapag.cl\/sitio\/wp-content\/uploads\/2021\/03\/boton-descargar.png\" alt=\"\" width=\"200\" height=\"52\" \/><\/a><\/p>\n<p>&nbsp;<\/p>\n<p style=\"text-align: center;\"><span style=\"color: #ff0000;\"><strong>Solicitud Gastos Dentales (Nva. Normativa)<\/strong><\/span><\/p>\n<p style=\"text-align: center;\"><a href=\"https:\/\/sindicatoapag.cl\/sitio\/wp-content\/uploads\/2024\/09\/07-Solicitud-Gastos-Dentales-Nva.-Normativa.pdf\" target=\"_blank\" rel=\"noopener\"><img loading=\"lazy\" decoding=\"async\" class=\"aligncenter wp-image-47 size-full\" src=\"https:\/\/sindicatoapag.cl\/sitio\/wp-content\/uploads\/2021\/03\/boton-descargar.png\" alt=\"\" width=\"200\" height=\"52\" \/><\/a><\/p>\n","protected":false},"excerpt":{"rendered":"<p>Manual Formulario Incorporaci\u00f3n VIDA SECURITY Formulario incorporaci\u00f3n editable Solo trabajadores con contrato indefinido Plan Catastr\u00f3fico &nbsp; Plan Salud &nbsp; Solicitud Gastos M\u00e9dicos (Nva. Normativa) &nbsp; Plan Dental &nbsp; Solicitud Gastos Dentales (Nva. Normativa)<\/p>\n","protected":false},"author":1,"featured_media":0,"parent":0,"menu_order":0,"comment_status":"closed","ping_status":"closed","template":"","meta":{"footnotes":""},"class_list":["post-696","page","type-page","status-publish",""],"publishpress_future_action":{"enabled":false,"date":"2026-05-06 19:37:01","action":"change-status","newStatus":"draft","terms":[],"taxonomy":"","extraData":[]},"publishpress_future_workflow_manual_trigger":{"enabledWorkflows":[]},"_links":{"self":[{"href":"https:\/\/sindicatoapag.cl\/sitio\/wp-json\/wp\/v2\/pages\/696","targetHints":{"allow":["GET"]}}],"collection":[{"href":"https:\/\/sindicatoapag.cl\/sitio\/wp-json\/wp\/v2\/pages"}],"about":[{"href":"https:\/\/sindicatoapag.cl\/sitio\/wp-json\/wp\/v2\/types\/page"}],"author":[{"embeddable":true,"href":"https:\/\/sindicatoapag.cl\/sitio\/wp-json\/wp\/v2\/users\/1"}],"replies":[{"embeddable":true,"href":"https:\/\/sindicatoapag.cl\/sitio\/wp-json\/wp\/v2\/comments?post=696"}],"version-history":[{"count":9,"href":"https:\/\/sindicatoapag.cl\/sitio\/wp-json\/wp\/v2\/pages\/696\/revisions"}],"predecessor-version":[{"id":706,"href":"https:\/\/sindicatoapag.cl\/sitio\/wp-json\/wp\/v2\/pages\/696\/revisions\/706"}],"wp:attachment":[{"href":"https:\/\/sindicatoapag.cl\/sitio\/wp-json\/wp\/v2\/media?parent=696"}],"curies":[{"name":"wp","href":"https:\/\/api.w.org\/{rel}","templated":true}]}}