{"id":38,"date":"2021-03-11T18:43:59","date_gmt":"2021-03-11T21:43:59","guid":{"rendered":"https:\/\/sindicatoautoplanet.cl\/web\/?page_id=38"},"modified":"2024-10-30T14:53:22","modified_gmt":"2024-10-30T17:53:22","slug":"contacto","status":"publish","type":"page","link":"https:\/\/sindicatoapag.cl\/sitio\/contacto\/","title":{"rendered":"Contacto"},"content":{"rendered":"<p><img loading=\"lazy\" decoding=\"async\" class=\"alignnone size-full wp-image-117\" src=\"https:\/\/sindicatoapag.cl\/sitio\/wp-content\/uploads\/2021\/03\/banner-contacto.png\" alt=\"\" width=\"660\" height=\"351\" srcset=\"https:\/\/sindicatoapag.cl\/sitio\/wp-content\/uploads\/2021\/03\/banner-contacto.png 660w, https:\/\/sindicatoapag.cl\/sitio\/wp-content\/uploads\/2021\/03\/banner-contacto-300x160.png 300w, https:\/\/sindicatoapag.cl\/sitio\/wp-content\/uploads\/2021\/03\/banner-contacto-310x165.png 310w\" sizes=\"auto, (max-width: 660px) 100vw, 660px\" \/><\/p>\n<p>Si desea tomar contacto con nuestra organizaci\u00f3n, puede:<\/p>\n<ul>\n<li>Ll\u00e1manos o env\u00edanos un Whatsapp al n\u00famero: <strong>+569 9487 2584<\/strong><\/li>\n<li>Env\u00edanos un email, al correo: <a href=\"mailto:sindicatoautoplanet@gmail.com\"><strong>sindicatoautoplanet@gmail.com<\/strong><\/a><\/li>\n<li>O escribirnos un mensaje llenando el <a href=\"https:\/\/sindicatoapag.cl\/sitio\/contacto\/#Formulario_de_contacto\"><strong>formulario de contacto<\/strong><\/a> que se encuentra m\u00e1s abajo.<\/li>\n<\/ul>\n<p>Estaremos atentos para resolver sus inquietudes.<\/p>\n<p>Cordialmente,<\/p>\n<p>Sindicato APAG<\/p>\n<p><a href=\"https:\/\/wa.link\/exy92r\" target=\"_blank\" rel=\"noopener\"><img loading=\"lazy\" decoding=\"async\" class=\"alignleft wp-image-739 size-full\" src=\"https:\/\/sindicatoapag.cl\/sitio\/wp-content\/uploads\/2024\/10\/wa.jpg\" alt=\"\" width=\"300\" height=\"100\" \/><\/a><\/p>\n","protected":false},"excerpt":{"rendered":"<p>Si desea tomar contacto con nuestra organizaci\u00f3n, puede: Ll\u00e1manos o env\u00edanos un Whatsapp al n\u00famero: +569 9487 2584 Env\u00edanos un email, al correo: sindicatoautoplanet@gmail.com O escribirnos un mensaje llenando el formulario de contacto que se encuentra m\u00e1s abajo. Estaremos atentos para resolver sus inquietudes. Cordialmente, Sindicato APAG<\/p>\n","protected":false},"author":1,"featured_media":117,"parent":0,"menu_order":0,"comment_status":"closed","ping_status":"closed","template":"","meta":{"footnotes":""},"class_list":["post-38","page","type-page","status-publish","has-post-thumbnail",""],"publishpress_future_action":{"enabled":false,"date":"2026-05-06 19:37:02","action":"change-status","newStatus":"draft","terms":[],"taxonomy":"","extraData":[]},"publishpress_future_workflow_manual_trigger":{"enabledWorkflows":[]},"_links":{"self":[{"href":"https:\/\/sindicatoapag.cl\/sitio\/wp-json\/wp\/v2\/pages\/38","targetHints":{"allow":["GET"]}}],"collection":[{"href":"https:\/\/sindicatoapag.cl\/sitio\/wp-json\/wp\/v2\/pages"}],"about":[{"href":"https:\/\/sindicatoapag.cl\/sitio\/wp-json\/wp\/v2\/types\/page"}],"author":[{"embeddable":true,"href":"https:\/\/sindicatoapag.cl\/sitio\/wp-json\/wp\/v2\/users\/1"}],"replies":[{"embeddable":true,"href":"https:\/\/sindicatoapag.cl\/sitio\/wp-json\/wp\/v2\/comments?post=38"}],"version-history":[{"count":25,"href":"https:\/\/sindicatoapag.cl\/sitio\/wp-json\/wp\/v2\/pages\/38\/revisions"}],"predecessor-version":[{"id":740,"href":"https:\/\/sindicatoapag.cl\/sitio\/wp-json\/wp\/v2\/pages\/38\/revisions\/740"}],"wp:featuredmedia":[{"embeddable":true,"href":"https:\/\/sindicatoapag.cl\/sitio\/wp-json\/wp\/v2\/media\/117"}],"wp:attachment":[{"href":"https:\/\/sindicatoapag.cl\/sitio\/wp-json\/wp\/v2\/media?parent=38"}],"curies":[{"name":"wp","href":"https:\/\/api.w.org\/{rel}","templated":true}]}}