{"id":15,"date":"2021-03-11T18:31:12","date_gmt":"2021-03-11T21:31:12","guid":{"rendered":"https:\/\/sindicatoautoplanet.cl\/web\/?page_id=15"},"modified":"2021-03-15T18:49:39","modified_gmt":"2021-03-15T21:49:39","slug":"mision-vision","status":"publish","type":"page","link":"https:\/\/sindicatoapag.cl\/sitio\/mision-vision\/","title":{"rendered":"Misi\u00f3n\/Visi\u00f3n"},"content":{"rendered":"<p><img loading=\"lazy\" decoding=\"async\" class=\"alignnone size-full wp-image-119\" src=\"https:\/\/sindicatoapag.cl\/sitio\/wp-content\/uploads\/2021\/03\/banner-vision-mision-v3.png\" alt=\"\" width=\"660\" height=\"351\" srcset=\"https:\/\/sindicatoapag.cl\/sitio\/wp-content\/uploads\/2021\/03\/banner-vision-mision-v3.png 660w, https:\/\/sindicatoapag.cl\/sitio\/wp-content\/uploads\/2021\/03\/banner-vision-mision-v3-300x160.png 300w, https:\/\/sindicatoapag.cl\/sitio\/wp-content\/uploads\/2021\/03\/banner-vision-mision-v3-310x165.png 310w\" sizes=\"auto, (max-width: 660px) 100vw, 660px\" \/><\/p>\n<p>Estimados colegas,<\/p>\n<p>Es grato informarles a Uds., la buena noticia de la formaci\u00f3n de nuestro: <strong>Sindicato de Empresa N\u00b01 Trabajadores Autoplanet S.A.<\/strong><\/p>\n<p>Te invitamos a ser parte del Sindicato, en este nuevo desaf\u00edo, con el apoyo de Uds., queremos lograr nuevos y mejores beneficios laborales, estamos convencidos que todo lo que necesitamos y que se puede alcanzar, es con la uni\u00f3n y la fuerza de los trabajadores, el compromiso como trabajadores los tenemos d\u00eda a d\u00eda, ahora falta la parte de la empresa, tener el compromiso con sus trabajadores para los nuevos desaf\u00edos de negociaciones, las cuales queremos lograr con buena comunicaci\u00f3n y buenas relaciones laboral y de negociacion con la empresa.<\/p>\n<p>S\u00f3lo te pedimos tu compromiso, t\u00fa apoyo y uni\u00f3n al Sindicato. Porque ya no est\u00e1s solo, porque ahora puedes parte de un grupo de amigos, hermanos, socios y compa\u00f1eros.<\/p>\n<h4>Nuestra Visi\u00f3n<\/h4>\n<p>Representar a los trabajadores en el ejercicio de los derechos emanados de los contratos individuales de trabajo. La representaci\u00f3n de los asociados en las distintas instancias del proceso de negociaci\u00f3n colectiva. Velar por el cumplimiento de las normas del trabajo y de seguridad social. Realizar todas aquellas actividades contempladas en los estatutos seg\u00fan la ley vigente.<\/p>\n<h4>Nuestra Misi\u00f3n<\/h4>\n<p>Ser reconocidos como una organizaci\u00f3n que trabaja en base a la preocupaci\u00f3n de las conquistas sociales, con transparencia, lealtad y lo m\u00e1s importante cre\u00edbles frente a nuestras bases. Garantizar el amparo constante a sus socios, canalizando la b\u00fasqueda de soluciones que les permita trabajar en tranquilidad, apoyar a nuestros socios (as) y sus familias, por medio de beneficios y actividades que nos permita tener trabajadores m\u00e1s felices.<\/p>\n<p>&nbsp;<\/p>\n<p style=\"text-align: center;\"><a href=\"https:\/\/sindicatoapag.cl\/sitio\/directiva\/\">Directiva<\/a> &#8211; <a href=\"https:\/\/drive.google.com\/file\/d\/1pLaLW7M2-abvXKkOUYbcW3kzZBC51xIM\/view?usp=sharing\">Estatutos Sindicales<\/a> &#8211; <a href=\"https:\/\/sindicatoapag.cl\/sitio\/wp-content\/uploads\/2021\/03\/FichaInscripcion-SindAP-v001-v03.pdf\">Ficha de Inscripci\u00f3n<\/a> &#8211; <a href=\"https:\/\/sindicatoapag.cl\/sitio\/contacto\/\">Contacto<\/a><\/p>\n<p>&nbsp;<\/p>\n<p>&nbsp;<\/p>\n<p>&nbsp;<\/p>\n","protected":false},"excerpt":{"rendered":"<p>Estimados colegas, Es grato informarles a Uds., la buena noticia de la formaci\u00f3n de nuestro: Sindicato de Empresa N\u00b01 Trabajadores Autoplanet S.A. Te invitamos a ser parte del Sindicato, en este nuevo desaf\u00edo, con el apoyo de Uds., queremos lograr nuevos y mejores beneficios laborales, estamos convencidos que todo lo que necesitamos y que se &hellip;<\/p>\n","protected":false},"author":1,"featured_media":119,"parent":0,"menu_order":0,"comment_status":"closed","ping_status":"closed","template":"","meta":{"footnotes":""},"class_list":["post-15","page","type-page","status-publish","has-post-thumbnail",""],"publishpress_future_action":{"enabled":false,"date":"2026-05-06 20:51:37","action":"change-status","newStatus":"draft","terms":[],"taxonomy":"","extraData":[]},"publishpress_future_workflow_manual_trigger":{"enabledWorkflows":[]},"_links":{"self":[{"href":"https:\/\/sindicatoapag.cl\/sitio\/wp-json\/wp\/v2\/pages\/15","targetHints":{"allow":["GET"]}}],"collection":[{"href":"https:\/\/sindicatoapag.cl\/sitio\/wp-json\/wp\/v2\/pages"}],"about":[{"href":"https:\/\/sindicatoapag.cl\/sitio\/wp-json\/wp\/v2\/types\/page"}],"author":[{"embeddable":true,"href":"https:\/\/sindicatoapag.cl\/sitio\/wp-json\/wp\/v2\/users\/1"}],"replies":[{"embeddable":true,"href":"https:\/\/sindicatoapag.cl\/sitio\/wp-json\/wp\/v2\/comments?post=15"}],"version-history":[{"count":6,"href":"https:\/\/sindicatoapag.cl\/sitio\/wp-json\/wp\/v2\/pages\/15\/revisions"}],"predecessor-version":[{"id":159,"href":"https:\/\/sindicatoapag.cl\/sitio\/wp-json\/wp\/v2\/pages\/15\/revisions\/159"}],"wp:featuredmedia":[{"embeddable":true,"href":"https:\/\/sindicatoapag.cl\/sitio\/wp-json\/wp\/v2\/media\/119"}],"wp:attachment":[{"href":"https:\/\/sindicatoapag.cl\/sitio\/wp-json\/wp\/v2\/media?parent=15"}],"curies":[{"name":"wp","href":"https:\/\/api.w.org\/{rel}","templated":true}]}}